{"id":23417,"date":"2024-09-09T10:33:54","date_gmt":"2024-09-09T08:33:54","guid":{"rendered":"https:\/\/www.bb-sensors.com\/hinweisgeber-service\/"},"modified":"2024-09-09T13:03:22","modified_gmt":"2024-09-09T11:03:22","slug":"hinweisgeber-service","status":"publish","type":"page","link":"https:\/\/www.bb-sensors.com\/zh-hans\/hinweisgeber-service\/","title":{"rendered":"Hinweisgeber-Service"},"content":{"rendered":"<div class=\"wpb-content-wrapper\">[vc_row css=&#8221;.vc_custom_1530180512013{margin-bottom: 40px !important;padding-top: 15px !important;padding-right: 0px !important;padding-bottom: 15px !important;padding-left: 0px !important;background-color: #ffffff !important;}&#8221;][vc_column]<style>.vcex-heading.vcex_69d0dac3ac479 .vcex-heading-inner{border-color:#e4003d;}.vcex-heading.vcex_69d0dac3ac479{font-size:18px;font-weight:600;}<\/style><h1 class=\"vcex-heading vcex-heading-bottom-border-w-color vcex-module wpex-heading wpex-text-2xl vc_custom_1725870902897 wpex-border-b-2 wpex-border-solid wpex-border-main vcex_69d0dac3ac479\"><span class=\"vcex-heading-inner wpex-inline-block wpex-relative wpex-pb-5 wpex-border-b-2 wpex-border-solid wpex-border-accent\">Hinweisgeber-Service<\/span><\/h1>[vc_column_text css=&#8221;&#8221;]<span style=\"color: #575756;\">Seit dem 17.12.2023 sind wir Teil der gemeinsamen internen Meldestelle des wvib e.V. (Wirtschaftsverband Industrieller Unternehmen Baden e.V.) gem. \u00a7 14 HinSChG.<\/span><\/p>\n<p>Demnach k\u00f6nnen sich alle Besch\u00e4ftigten mittels der daf\u00fcr vorgesehenen Meldekan\u00e4le Hinweise \u00fcber Fehlverhalten oder Gesetzesverst\u00f6\u00dfe im Unternehmen an die gemeinsame interne Meldestelle des wvib e.V. senden. Als Besch\u00e4ftigte z\u00e4hlen auch Azubis, Minijobber, Praktikanten, Aushilfen, Lehrarbeitnehmende, etc.<\/p>\n<h2><span style=\"font-size: 18px;\"><span style=\"color: #575756;\"><strong>Das sind die Meldekan\u00e4le, \u00fcber welche Sie die Meldestelle erreichen k\u00f6nnen<\/strong><\/span><\/span><span style=\"color: #575756;\">\u00a0<\/span><\/h2>\n[\/vc_column_text][\/vc_column][\/vc_row][vc_row css=&#8221;.vc_custom_1530180512013{margin-bottom: 40px !important;padding-top: 15px !important;padding-right: 0px !important;padding-bottom: 15px !important;padding-left: 0px !important;background-color: #ffffff !important;}&#8221;][vc_column width=&#8221;1\/3&#8243;]<style>.vcex-icon-box.vcex_69d0dac3ad7b1 .vcex-icon-box-content{font-size:14px;}.vcex-icon-box.vcex_69d0dac3ad7b1 .vcex-icon-box-heading{color:#575756;font-size:16px;}.vcex-icon-box.vcex_69d0dac3ad7b1 .vcex-icon-box-icon{font-size:var(--vcex-icon-md);color:#d32e3f;}<\/style><div class=\"vcex-module vcex-icon-box vcex-icon-box-two wpex-block wpex-text-center vcex_69d0dac3ad7b1\"><div class=\"vcex-icon-box-symbol vcex-icon-box-symbol--icon wpex-mb-20\"><div class=\"vcex-icon-box-icon wpex-items-center wpex-justify-center wpex-child-inherit-color wpex-text-center wpex-leading-none wpex-inline-flex wpex-text-1\"><span class=\"wpex-flex wpex-icon\" aria-hidden=\"true\"><svg xmlns=\"http:\/\/www.w3.org\/2000\/svg\" viewBox=\"0 0 512 512\"><path d=\"M256 64C150 64 64 150 64 256s86 192 192 192c17.7 0 32 14.3 32 32s-14.3 32-32 32C114.6 512 0 397.4 0 256S114.6 0 256 0S512 114.6 512 256v32c0 53-43 96-96 96c-29.3 0-55.6-13.2-73.2-33.9C320 371.1 289.5 384 256 384c-70.7 0-128-57.3-128-128s57.3-128 128-128c27.9 0 53.7 8.9 74.7 24.1c5.7-5 13.1-8.1 21.3-8.1c17.7 0 32 14.3 32 32v80 32c0 17.7 14.3 32 32 32s32-14.3 32-32V256c0-106-86-192-192-192zm64 192a64 64 0 1 0 -128 0 64 64 0 1 0 128 0z\"\/><\/svg><\/span><\/div><\/div><div class=\"vcex-icon-box-text\"><h3 class=\"vcex-icon-box-heading wpex-heading wpex-mb-10\">E-Mail<\/h3><div class=\"vcex-icon-box-content wpex-last-mb-0 wpex-clr\"><p><span style=\"text-decoration: underline;color: #d32e3f\"><a style=\"color: #d32e3f;text-decoration: underline\" href=\"mailto:hinweis@wvib.de\">hinweis@wvib.de<\/a><\/span><\/p>\n<\/div><\/div><\/div>[\/vc_column][vc_column width=&#8221;1\/3&#8243;]<style>.vcex-icon-box.vcex_69d0dac3ae43a .vcex-icon-box-content{font-size:14px;}.vcex-icon-box.vcex_69d0dac3ae43a .vcex-icon-box-heading{color:#575756;font-size:16px;}.vcex-icon-box.vcex_69d0dac3ae43a .vcex-icon-box-icon{font-size:var(--vcex-icon-md);color:#d32e3f;}<\/style><div class=\"vcex-module vcex-icon-box vcex-icon-box-two wpex-block wpex-text-center vcex_69d0dac3ae43a\"><div class=\"vcex-icon-box-symbol vcex-icon-box-symbol--icon wpex-mb-20\"><div class=\"vcex-icon-box-icon wpex-items-center wpex-justify-center wpex-child-inherit-color wpex-text-center wpex-leading-none wpex-inline-flex wpex-text-1\"><span class=\"wpex-flex wpex-icon\" aria-hidden=\"true\"><svg xmlns=\"http:\/\/www.w3.org\/2000\/svg\" viewBox=\"0 0 512 512\"><path d=\"M164.9 24.6c-7.7-18.6-28-28.5-47.4-23.2l-88 24C12.1 30.2 0 46 0 64C0 311.4 200.6 512 448 512c18 0 33.8-12.1 38.6-29.5l24-88c5.3-19.4-4.6-39.7-23.2-47.4l-96-40c-16.3-6.8-35.2-2.1-46.3 11.6L304.7 368C234.3 334.7 177.3 277.7 144 207.3L193.3 167c13.7-11.2 18.4-30 11.6-46.3l-40-96z\"\/><\/svg><\/span><\/div><\/div><div class=\"vcex-icon-box-text\"><h3 class=\"vcex-icon-box-heading wpex-heading wpex-mb-10\">Telefon<\/h3><div class=\"vcex-icon-box-content wpex-last-mb-0 wpex-clr\"><p>0761 \/ 4567-44<\/p>\n<\/div><\/div><\/div>[\/vc_column][vc_column width=&#8221;1\/3&#8243;]<style>.vcex-icon-box.vcex_69d0dac3aeee4 .vcex-icon-box-content{font-size:14px;}.vcex-icon-box.vcex_69d0dac3aeee4 .vcex-icon-box-heading{color:#575756;font-size:16px;}.vcex-icon-box.vcex_69d0dac3aeee4 .vcex-icon-box-icon{font-size:var(--vcex-icon-md);color:#d32e3f;}<\/style><div class=\"vcex-module vcex-icon-box vcex-icon-box-two wpex-block wpex-text-center vcex_69d0dac3aeee4\"><div class=\"vcex-icon-box-symbol vcex-icon-box-symbol--icon wpex-mb-20\"><div class=\"vcex-icon-box-icon wpex-items-center wpex-justify-center wpex-child-inherit-color wpex-text-center wpex-leading-none wpex-inline-flex wpex-text-1\"><span class=\"wpex-flex wpex-icon\" aria-hidden=\"true\"><svg xmlns=\"http:\/\/www.w3.org\/2000\/svg\" viewBox=\"0 0 512 512\"><path d=\"M64 112c-8.8 0-16 7.2-16 16v22.1L220.5 291.7c20.7 17 50.4 17 71.1 0L464 150.1V128c0-8.8-7.2-16-16-16H64zM48 212.2V384c0 8.8 7.2 16 16 16H448c8.8 0 16-7.2 16-16V212.2L322 328.8c-38.4 31.5-93.7 31.5-132 0L48 212.2zM0 128C0 92.7 28.7 64 64 64H448c35.3 0 64 28.7 64 64V384c0 35.3-28.7 64-64 64H64c-35.3 0-64-28.7-64-64V128z\"\/><\/svg><\/span><\/div><\/div><div class=\"vcex-icon-box-text\"><h3 class=\"vcex-icon-box-heading wpex-heading wpex-mb-10\">Brief<\/h3><div class=\"vcex-icon-box-content wpex-last-mb-0 wpex-clr\"><p style=\"text-align: center\">Wirtschaftsverband Industrieller Unternehmen Baden e.V.<\/p>\n<p style=\"text-align: center\"><strong>Stichwort: Hinweis<\/strong><\/p>\n<p style=\"text-align: center\">Merzhauser Stra\u00dfe 118<br \/>\n79110 Freiburg i. Br.<\/p>\n<\/div><\/div><\/div>[\/vc_column][\/vc_row][vc_row css=&#8221;.vc_custom_1530180512013{margin-bottom: 40px !important;padding-top: 15px !important;padding-right: 0px !important;padding-bottom: 15px !important;padding-left: 0px !important;background-color: #ffffff !important;}&#8221;][vc_column][vc_column_text css=&#8221;&#8221;]<span style=\"color: #575756;\">Bitte beachten Sie, dass die Meldestelle nur Informationen zu Verst\u00f6\u00dfen beachten kann, welche im Zusammenhang mit Ihrer beruflichen T\u00e4tigkeit stehen. Sie sind nicht verpflichtet, der Meldestelle Ihren Namen oder andere personenbezogene Daten mitzuteilen. Die gemeinsame interne Meldestelle des wvib e.V. wird Ihre Daten stets streng vertraulich behandeln.<\/span>[\/vc_column_text][\/vc_column][\/vc_row]\n<\/div>","protected":false},"excerpt":{"rendered":"<p>[vc_row css=&#8221;.vc_custom_1530180512013{margin-bott&hellip;<\/p>\n","protected":false},"author":10,"featured_media":0,"parent":0,"menu_order":90,"comment_status":"closed","ping_status":"closed","template":"","meta":{"footnotes":""},"class_list":["post-23417","page","type-page","status-publish","hentry","entry","no-media"],"yoast_head":"<!-- This site is optimized with the Yoast SEO plugin v27.1.1 - https:\/\/yoast.com\/product\/yoast-seo-wordpress\/ -->\n<title>Datenschutz | B+B Thermo-Technik GmbH | Messtechnikspezialist<\/title>\n<meta name=\"description\" content=\"Seit Ende 2023 sind wir Teil der gemeinsamen internen Meldestelle des wvib e.V. (Wirtschaftsverband Industrieller Unternehmen Baden e.V.)\" \/>\n<meta name=\"robots\" content=\"index, follow, max-snippet:-1, max-image-preview:large, max-video-preview:-1\" \/>\n<link rel=\"canonical\" href=\"https:\/\/www.bb-sensors.com\/zh-hans\/hinweisgeber-service\/\" \/>\n<meta name=\"twitter:label1\" content=\"\u9884\u8ba1\u9605\u8bfb\u65f6\u95f4\" \/>\n\t<meta name=\"twitter:data1\" content=\"2 minutes\" \/>\n<script type=\"application\/ld+json\" class=\"yoast-schema-graph\">{\"@context\":\"https:\/\/schema.org\",\"@graph\":[{\"@type\":\"WebPage\",\"@id\":\"https:\/\/www.bb-sensors.com\/zh-hans\/hinweisgeber-service\/\",\"url\":\"https:\/\/www.bb-sensors.com\/zh-hans\/hinweisgeber-service\/\",\"name\":\"Datenschutz | B+B Thermo-Technik GmbH | Messtechnikspezialist\",\"isPartOf\":{\"@id\":\"https:\/\/www.bb-sensors.com\/#website\"},\"datePublished\":\"2024-09-09T08:33:54+00:00\",\"dateModified\":\"2024-09-09T11:03:22+00:00\",\"description\":\"Seit Ende 2023 sind wir Teil der gemeinsamen internen Meldestelle des wvib e.V. (Wirtschaftsverband Industrieller Unternehmen Baden e.V.)\",\"breadcrumb\":{\"@id\":\"https:\/\/www.bb-sensors.com\/zh-hans\/hinweisgeber-service\/#breadcrumb\"},\"inLanguage\":\"zh-CN\",\"potentialAction\":[{\"@type\":\"ReadAction\",\"target\":[\"https:\/\/www.bb-sensors.com\/zh-hans\/hinweisgeber-service\/\"]}]},{\"@type\":\"BreadcrumbList\",\"@id\":\"https:\/\/www.bb-sensors.com\/zh-hans\/hinweisgeber-service\/#breadcrumb\",\"itemListElement\":[{\"@type\":\"ListItem\",\"position\":1,\"name\":\"Home\",\"item\":\"https:\/\/www.bb-sensors.com\/zh-hans\/\"},{\"@type\":\"ListItem\",\"position\":2,\"name\":\"Hinw&hellip;\"}]},{\"@type\":\"WebSite\",\"@id\":\"https:\/\/www.bb-sensors.com\/#website\",\"url\":\"https:\/\/www.bb-sensors.com\/\",\"name\":\"B+B Thermo-Technik Donaueschingen\",\"description\":\"Sensorik und Messtechnik\",\"publisher\":{\"@id\":\"https:\/\/www.bb-sensors.com\/#organization\"},\"potentialAction\":[{\"@type\":\"SearchAction\",\"target\":{\"@type\":\"EntryPoint\",\"urlTemplate\":\"https:\/\/www.bb-sensors.com\/?s={search_term_string}\"},\"query-input\":{\"@type\":\"PropertyValueSpecification\",\"valueRequired\":true,\"valueName\":\"search_term_string\"}}],\"inLanguage\":\"zh-CN\"},{\"@type\":\"Organization\",\"@id\":\"https:\/\/www.bb-sensors.com\/#organization\",\"name\":\"B+B Thermo-Technik GmbH\",\"url\":\"https:\/\/www.bb-sensors.com\/\",\"logo\":{\"@type\":\"ImageObject\",\"inLanguage\":\"zh-CN\",\"@id\":\"https:\/\/www.bb-sensors.com\/#\/schema\/logo\/image\/\",\"url\":\"https:\/\/www.bb-sensors.com\/wp-content\/uploads\/2014\/12\/logo_bb.png\",\"contentUrl\":\"https:\/\/www.bb-sensors.com\/wp-content\/uploads\/2014\/12\/logo_bb.png\",\"width\":680,\"height\":453,\"caption\":\"B+B Thermo-Technik GmbH\"},\"image\":{\"@id\":\"https:\/\/www.bb-sensors.com\/#\/schema\/logo\/image\/\"},\"sameAs\":[\"https:\/\/www.facebook.com\/bbsensors\/\",\"https:\/\/x.com\/bb_sensors\"]}]}<\/script>\n<!-- \/ Yoast SEO plugin. -->","yoast_head_json":{"title":"Datenschutz | B+B Thermo-Technik GmbH | Messtechnikspezialist","description":"Seit Ende 2023 sind wir Teil der gemeinsamen internen Meldestelle des wvib e.V. (Wirtschaftsverband Industrieller Unternehmen Baden e.V.)","robots":{"index":"index","follow":"follow","max-snippet":"max-snippet:-1","max-image-preview":"max-image-preview:large","max-video-preview":"max-video-preview:-1"},"canonical":"https:\/\/www.bb-sensors.com\/zh-hans\/hinweisgeber-service\/","twitter_misc":{"\u9884\u8ba1\u9605\u8bfb\u65f6\u95f4":"2 minutes"},"schema":{"@context":"https:\/\/schema.org","@graph":[{"@type":"WebPage","@id":"https:\/\/www.bb-sensors.com\/zh-hans\/hinweisgeber-service\/","url":"https:\/\/www.bb-sensors.com\/zh-hans\/hinweisgeber-service\/","name":"Datenschutz | B+B Thermo-Technik GmbH | Messtechnikspezialist","isPartOf":{"@id":"https:\/\/www.bb-sensors.com\/#website"},"datePublished":"2024-09-09T08:33:54+00:00","dateModified":"2024-09-09T11:03:22+00:00","description":"Seit Ende 2023 sind wir Teil der gemeinsamen internen Meldestelle des wvib e.V. (Wirtschaftsverband Industrieller Unternehmen Baden e.V.)","breadcrumb":{"@id":"https:\/\/www.bb-sensors.com\/zh-hans\/hinweisgeber-service\/#breadcrumb"},"inLanguage":"zh-CN","potentialAction":[{"@type":"ReadAction","target":["https:\/\/www.bb-sensors.com\/zh-hans\/hinweisgeber-service\/"]}]},{"@type":"BreadcrumbList","@id":"https:\/\/www.bb-sensors.com\/zh-hans\/hinweisgeber-service\/#breadcrumb","itemListElement":[{"@type":"ListItem","position":1,"name":"Home","item":"https:\/\/www.bb-sensors.com\/zh-hans\/"},{"@type":"ListItem","position":2,"name":"Hinw&hellip;"}]},{"@type":"WebSite","@id":"https:\/\/www.bb-sensors.com\/#website","url":"https:\/\/www.bb-sensors.com\/","name":"B+B Thermo-Technik Donaueschingen","description":"Sensorik und Messtechnik","publisher":{"@id":"https:\/\/www.bb-sensors.com\/#organization"},"potentialAction":[{"@type":"SearchAction","target":{"@type":"EntryPoint","urlTemplate":"https:\/\/www.bb-sensors.com\/?s={search_term_string}"},"query-input":{"@type":"PropertyValueSpecification","valueRequired":true,"valueName":"search_term_string"}}],"inLanguage":"zh-CN"},{"@type":"Organization","@id":"https:\/\/www.bb-sensors.com\/#organization","name":"B+B Thermo-Technik GmbH","url":"https:\/\/www.bb-sensors.com\/","logo":{"@type":"ImageObject","inLanguage":"zh-CN","@id":"https:\/\/www.bb-sensors.com\/#\/schema\/logo\/image\/","url":"https:\/\/www.bb-sensors.com\/wp-content\/uploads\/2014\/12\/logo_bb.png","contentUrl":"https:\/\/www.bb-sensors.com\/wp-content\/uploads\/2014\/12\/logo_bb.png","width":680,"height":453,"caption":"B+B Thermo-Technik GmbH"},"image":{"@id":"https:\/\/www.bb-sensors.com\/#\/schema\/logo\/image\/"},"sameAs":["https:\/\/www.facebook.com\/bbsensors\/","https:\/\/x.com\/bb_sensors"]}]}},"_links":{"self":[{"href":"https:\/\/www.bb-sensors.com\/zh-hans\/wp-json\/wp\/v2\/pages\/23417","targetHints":{"allow":["GET"]}}],"collection":[{"href":"https:\/\/www.bb-sensors.com\/zh-hans\/wp-json\/wp\/v2\/pages"}],"about":[{"href":"https:\/\/www.bb-sensors.com\/zh-hans\/wp-json\/wp\/v2\/types\/page"}],"author":[{"embeddable":true,"href":"https:\/\/www.bb-sensors.com\/zh-hans\/wp-json\/wp\/v2\/users\/10"}],"replies":[{"embeddable":true,"href":"https:\/\/www.bb-sensors.com\/zh-hans\/wp-json\/wp\/v2\/comments?post=23417"}],"version-history":[{"count":1,"href":"https:\/\/www.bb-sensors.com\/zh-hans\/wp-json\/wp\/v2\/pages\/23417\/revisions"}],"predecessor-version":[{"id":23423,"href":"https:\/\/www.bb-sensors.com\/zh-hans\/wp-json\/wp\/v2\/pages\/23417\/revisions\/23423"}],"wp:attachment":[{"href":"https:\/\/www.bb-sensors.com\/zh-hans\/wp-json\/wp\/v2\/media?parent=23417"}],"curies":[{"name":"wp","href":"https:\/\/api.w.org\/{rel}","templated":true}]}}